{"id":40,"date":"2020-05-23T23:50:01","date_gmt":"2020-05-23T23:50:01","guid":{"rendered":"https:\/\/nachbarschaftsdienste.com\/?page_id=40"},"modified":"2025-07-25T20:22:07","modified_gmt":"2025-07-25T20:22:07","slug":"impressum-impressumsangaben","status":"publish","type":"page","link":"https:\/\/nachbarschaftsdienste.com\/index.php\/impressum-impressumsangaben\/","title":{"rendered":"Impressum"},"content":{"rendered":"\n<div style=\"height:20px\" aria-hidden=\"true\" class=\"wp-block-spacer\"><\/div>\n\n\n\n<h2 class=\"wp-block-heading has-text-color\" style=\"color:#2379dc\"><strong>Impressum<\/strong><\/h2>\n\n\n\n<p class=\"has-text-color\" style=\"color:#2379dc;font-size:22px\">Angaben gem\u00e4\u00df  TMG \u00a7 5<\/p>\n\n\n\n<p class=\"has-medium-font-size\">Nachbarschaftsdienste<\/p>\n\n\n\n<p class=\"has-medium-font-size\">Franziska Richter<\/p>\n\n\n\n<p class=\"has-medium-font-size\">Seitenstra\u00dfe 20<\/p>\n\n\n\n<p class=\"has-medium-font-size\">04463 Gro\u00dfp\u00f6sna<\/p>\n\n\n\n<p class=\"has-text-color\" style=\"color:#2379dc;font-size:22px\">Kontakt<\/p>\n\n\n\n<p class=\"has-medium-font-size\">Telefon: + 49 (0) 176 43 46 41 78<\/p>\n\n\n\n<p class=\"has-medium-font-size\">E-Mail: info@nachbarschaftsdienste.com<\/p>\n\n\n\n<p class=\"has-text-color\" style=\"color:#2379dc;font-size:22px\">Aufsichtsbeh\u00f6rde<\/p>\n\n\n\n<p class=\"has-medium-font-size\">Gesundheitsamt Landkreis Leipzig<\/p>\n\n\n\n<p class=\"has-medium-font-size\">Stauffenbergstra\u00dfe 4, Haus 6<\/p>\n\n\n\n<p class=\"has-medium-font-size\">04552 Borna<\/p>\n\n\n\n<p class=\"has-medium-font-size\"><a href=\"https:\/\/www.landkreisleipzig.de\/behoerdenwegweiser.html?m=organigram-detail&amp;id=22#module-body-dzra\">http:\/\/https:\/\/www.landkreisleipzig.de\/behoerdenwegweiser.html?m=organigram-detail&amp;id=22<\/a><\/p>\n\n\n\n<p class=\"has-text-color\" style=\"color:#2379dc;font-size:22px\">Berufsbezeichnung und berufsrechtliche Regelungen<\/p>\n\n\n\n<p class=\"has-medium-font-size\">Berufsbezeichnung: Altenpflegerin<\/p>\n\n\n\n<p class=\"has-medium-font-size\">Verliehen in: Sachsen \/ Deutschland<\/p>\n\n\n\n<p class=\"has-medium-font-size\">Es gelten folgende berufsrechtliche Regelungen:<\/p>\n\n\n\n<p class=\"has-medium-font-size\">Altenpflegegesetz \u2013 AltPflG<\/p>\n\n\n\n<p class=\"has-medium-font-size\">einsehbar unter:<\/p>\n\n\n\n<p class=\"has-medium-font-size\"><a href=\"https:\/\/www.bmfsfj.de\/bmfsfj\/themen\/aeltere-menschen\/hilfe-und-pflege\/gesetz-ueber-die-berufe-in-deraltenpflege-altenpflegegesetz--77744\">https:\/\/www.bmfsfj.de\/bmfsfj\/themen\/aeltere-menschen\/hilfe-und-pflege\/gesetz-ueber-die-berufe-in-deraltenpflege-altenpflegegesetz&#8211;77744<\/a><\/p>\n\n\n\n<p class=\"has-text-color\" style=\"color:#2379dc;font-size:22px\">Angaben zur Berufshaftpflichtversicherung<\/p>\n\n\n\n<p class=\"has-medium-font-size\">Name und Sitz des Versicherers:<\/p>\n\n\n\n<p class=\"has-medium-font-size\">Barmenia Allgemeine Versicherungs-AG Hauptverwaltung, Barmenia-Allee 1, 42119 Wuppertal&nbsp;<\/p>\n\n\n\n<p class=\"has-medium-font-size\">Geltungsraum der Versicherung:<\/p>\n\n\n\n<p class=\"has-medium-font-size\">Deutschland<\/p>\n\n\n\n<p class=\"has-medium-font-size\"><\/p>\n\n\n\n<h2 class=\"wp-block-heading has-text-color\" style=\"color:#2379dc\"><strong>Haftungsausschluss (Disclaimer)<\/strong><\/h2>\n\n\n\n<p class=\"has-text-color\" style=\"color:#2379dc;font-size:22px\">Haftung f\u00fcr Inhalte<\/p>\n\n\n\n<p class=\"has-medium-font-size\">Als Diensteanbieter sind wir gem\u00e4\u00df \u00a7 7 Abs. 1 TMG f\u00fcr eigene Inhalte auf diesen Seiten nach den allgemeinen Gesetzen verantwortlich. Nach \u00a7\u00a7 8 bis 10 TMG sind wir als Diensteanbieter jedoch nicht verpflichtet, \u00fcbermittelte oder gespeicherte fremde Informationen zu \u00fcberwachen oder nach Umst\u00e4nden zu forschen, die auf eine rechtswidrige T\u00e4tigkeit hinweisen. Verpflichtungen zur Entfernung oder Sperrung der Nutzung von Informationen nach den allgemeinen Gesetzen bleiben hiervon unber\u00fchrt. Eine diesbez\u00fcgliche Haftung ist jedoch erst ab dem Zeitpunkt der Kenntnis einer konkreten Rechtsverletzung m\u00f6glich. Bei Bekanntwerden von entsprechenden Rechtsverletzungen werden wir diese Inhalte umgehend entfernen.<\/p>\n\n\n\n<p class=\"has-text-color\" style=\"color:#2379dc;font-size:22px\">Haftung f\u00fcr Links<\/p>\n\n\n\n<p class=\"has-medium-font-size\">Unser Angebot enth\u00e4lt Links zu externen Webseiten Dritter, auf deren Inhalte wir keinen Einfluss haben. Deshalb k\u00f6nnen wir f\u00fcr diese fremden Inhalte auch keine Gew\u00e4hr \u00fcbernehmen. F\u00fcr die Inhalte der verlinkten Seiten ist stets der jeweilige Anbieter oder Betreiber der Seiten verantwortlich. Die verlinkten Seiten wurden zum Zeitpunkt der Verlinkung auf m\u00f6gliche Rechtsverst\u00f6\u00dfe \u00fcberpr\u00fcft. Rechtswidrige Inhalte waren zum Zeitpunkt der Verlinkung nicht erkennbar. Eine permanente inhaltliche Kontrolle der verlinkten Seiten ist jedoch ohne konkrete Anhaltspunkte einer Rechtsverletzung nicht zumutbar. Bei Bekanntwerden von Rechtsverletzungen werden wir derartige&nbsp;Links umgehend entfernen.<\/p>\n\n\n\n<p class=\"has-text-color\" style=\"color:#2379dc;font-size:22px\">Urheberrecht<\/p>\n\n\n\n<p class=\"has-medium-font-size\">Die durch die Seitenbetreiber erstellten Inhalte und Werke auf diesen Seiten unterliegen dem deutschen Urheberrecht. Die Vervielf\u00e4ltigung, Bearbeitung, Verbreitung und jede Art der Verwertung au\u00dferhalb der Grenzen des Urheberrechtes bed\u00fcrfen der schriftlichen Zustimmung des jeweiligen Autors bzw. Erstellers. Downloads und Kopien dieser Seite sind nur f\u00fcr den privaten, nicht kommerziellen Gebrauch gestattet. Soweit die Inhalte auf dieser Seite nicht vom Betreiber erstellt wurden, werden die Urheberrechte Dritter beachtet. Insbesondere werden Inhalte Dritter als solche gekennzeichnet. Sollten Sie trotzdem auf eine Urheberrechtsverletzung aufmerksam werden, bitten wir um einen entsprechenden Hinweis. Bei Bekanntwerden von Rechtsverletzungen werden wir derartige Inhalte umgehend entfernen.<\/p>\n\n\n\n<p class=\"has-text-color has-small-font-size\" style=\"color:#2379dc\">Quelle: https:\/\/www.e-recht24.de<\/p>\n","protected":false},"excerpt":{"rendered":"<p>Impressum Angaben gem\u00e4\u00df TMG \u00a7 5 Nachbarschaftsdienste Franziska Richter Seitenstra\u00dfe 20 04463 Gro\u00dfp\u00f6sna Kontakt Telefon: + 49 (0) 176 43 46 41 78 E-Mail: info@nachbarschaftsdienste.com Aufsichtsbeh\u00f6rde Gesundheitsamt Landkreis Leipzig Stauffenbergstra\u00dfe 4, Haus 6 04552 Borna http:\/\/https:\/\/www.landkreisleipzig.de\/behoerdenwegweiser.html?m=organigram-detail&amp;id=22 Berufsbezeichnung und berufsrechtliche Regelungen Berufsbezeichnung: Altenpflegerin Verliehen in: Sachsen \/ Deutschland Es gelten folgende berufsrechtliche Regelungen: Altenpflegegesetz \u2013 AltPflG&hellip; <a href=\"https:\/\/nachbarschaftsdienste.com\/index.php\/impressum-impressumsangaben\/\" class=\"more-link\">Weiterlesen <span class=\"screen-reader-text\">Impressum<\/span><\/a><\/p>\n","protected":false},"author":1,"featured_media":0,"parent":0,"menu_order":0,"comment_status":"closed","ping_status":"closed","template":"","meta":{"footnotes":""},"class_list":["post-40","page","type-page","status-publish","hentry","without-featured-image"],"yoast_head":"<!-- This site is optimized with the Yoast SEO plugin v27.4 - https:\/\/yoast.com\/product\/yoast-seo-wordpress\/ -->\n<title>Impressum &#187; Nachbarschaftsdienste h\u00e4usliche Pflege &amp; Betreuung<\/title>\n<meta name=\"description\" content=\"Impressum Nachbarschaftsdienste Franziska Richter Seitenstra\u00dfe 20 04463 Gro\u00dfp\u00f6sna, +49 (0) 17643464178, info@nachbarschaftsdienste.com\" \/>\n<meta name=\"robots\" content=\"index, follow, max-snippet:-1, max-image-preview:large, max-video-preview:-1\" \/>\n<link rel=\"canonical\" href=\"https:\/\/nachbarschaftsdienste.com\/index.php\/impressum-impressumsangaben\/\" \/>\n<meta property=\"og:locale\" content=\"de_DE\" \/>\n<meta property=\"og:type\" content=\"article\" \/>\n<meta property=\"og:title\" content=\"Impressum &#187; Nachbarschaftsdienste h\u00e4usliche Pflege &amp; Betreuung\" \/>\n<meta property=\"og:description\" content=\"Impressum Nachbarschaftsdienste Franziska Richter Seitenstra\u00dfe 20 04463 Gro\u00dfp\u00f6sna, +49 (0) 17643464178, info@nachbarschaftsdienste.com\" \/>\n<meta property=\"og:url\" content=\"https:\/\/nachbarschaftsdienste.com\/index.php\/impressum-impressumsangaben\/\" \/>\n<meta property=\"og:site_name\" content=\"Nachbarschaftsdienste\" \/>\n<meta property=\"article:publisher\" content=\"https:\/\/www.facebook.com\/Nachbarschaftsdienste\" \/>\n<meta property=\"article:modified_time\" content=\"2025-07-25T20:22:07+00:00\" \/>\n<meta name=\"twitter:card\" content=\"summary_large_image\" \/>\n<meta name=\"twitter:label1\" content=\"Gesch\u00e4tzte Lesezeit\" \/>\n\t<meta name=\"twitter:data1\" content=\"3\u00a0Minuten\" \/>\n<script type=\"application\/ld+json\" class=\"yoast-schema-graph\">{\"@context\":\"https:\\\/\\\/schema.org\",\"@graph\":[{\"@type\":\"WebPage\",\"@id\":\"https:\\\/\\\/nachbarschaftsdienste.com\\\/index.php\\\/impressum-impressumsangaben\\\/\",\"url\":\"https:\\\/\\\/nachbarschaftsdienste.com\\\/index.php\\\/impressum-impressumsangaben\\\/\",\"name\":\"Impressum &#187; Nachbarschaftsdienste h\u00e4usliche Pflege & Betreuung\",\"isPartOf\":{\"@id\":\"https:\\\/\\\/nachbarschaftsdienste.com\\\/#website\"},\"datePublished\":\"2020-05-23T23:50:01+00:00\",\"dateModified\":\"2025-07-25T20:22:07+00:00\",\"description\":\"Impressum Nachbarschaftsdienste Franziska Richter Seitenstra\u00dfe 20 04463 Gro\u00dfp\u00f6sna, +49 (0) 17643464178, info@nachbarschaftsdienste.com\",\"breadcrumb\":{\"@id\":\"https:\\\/\\\/nachbarschaftsdienste.com\\\/index.php\\\/impressum-impressumsangaben\\\/#breadcrumb\"},\"inLanguage\":\"de\",\"potentialAction\":[{\"@type\":\"ReadAction\",\"target\":[\"https:\\\/\\\/nachbarschaftsdienste.com\\\/index.php\\\/impressum-impressumsangaben\\\/\"]}]},{\"@type\":\"BreadcrumbList\",\"@id\":\"https:\\\/\\\/nachbarschaftsdienste.com\\\/index.php\\\/impressum-impressumsangaben\\\/#breadcrumb\",\"itemListElement\":[{\"@type\":\"ListItem\",\"position\":1,\"name\":\"Startseite\",\"item\":\"https:\\\/\\\/nachbarschaftsdienste.com\\\/\"},{\"@type\":\"ListItem\",\"position\":2,\"name\":\"Impressum\"}]},{\"@type\":\"WebSite\",\"@id\":\"https:\\\/\\\/nachbarschaftsdienste.com\\\/#website\",\"url\":\"https:\\\/\\\/nachbarschaftsdienste.com\\\/\",\"name\":\"Nachbarschaftsdienste\",\"description\":\"Alten- &amp; Krankenpflege \u00b7 Pflegeberatung \u00b7 Betreuung &amp; Entlastung\",\"publisher\":{\"@id\":\"https:\\\/\\\/nachbarschaftsdienste.com\\\/#organization\"},\"potentialAction\":[{\"@type\":\"SearchAction\",\"target\":{\"@type\":\"EntryPoint\",\"urlTemplate\":\"https:\\\/\\\/nachbarschaftsdienste.com\\\/?s={search_term_string}\"},\"query-input\":{\"@type\":\"PropertyValueSpecification\",\"valueRequired\":true,\"valueName\":\"search_term_string\"}}],\"inLanguage\":\"de\"},{\"@type\":\"Organization\",\"@id\":\"https:\\\/\\\/nachbarschaftsdienste.com\\\/#organization\",\"name\":\"Nachbarschaftsdienste\",\"url\":\"https:\\\/\\\/nachbarschaftsdienste.com\\\/\",\"logo\":{\"@type\":\"ImageObject\",\"inLanguage\":\"de\",\"@id\":\"https:\\\/\\\/nachbarschaftsdienste.com\\\/#\\\/schema\\\/logo\\\/image\\\/\",\"url\":\"https:\\\/\\\/i1.wp.com\\\/nachbarschaftsdienste.com\\\/wp-content\\\/uploads\\\/2020\\\/05\\\/logo-web-Kopie-2.png?fit=512%2C512&ssl=1\",\"contentUrl\":\"https:\\\/\\\/i1.wp.com\\\/nachbarschaftsdienste.com\\\/wp-content\\\/uploads\\\/2020\\\/05\\\/logo-web-Kopie-2.png?fit=512%2C512&ssl=1\",\"width\":512,\"height\":512,\"caption\":\"Nachbarschaftsdienste\"},\"image\":{\"@id\":\"https:\\\/\\\/nachbarschaftsdienste.com\\\/#\\\/schema\\\/logo\\\/image\\\/\"},\"sameAs\":[\"https:\\\/\\\/www.facebook.com\\\/Nachbarschaftsdienste\",\"https:\\\/\\\/www.instagram.com\\\/nachbarschaftsdienste\",\"https:\\\/\\\/www.linkedin.com\\\/company\\\/37535794\\\/\"]}]}<\/script>\n<!-- \/ Yoast SEO plugin. -->","yoast_head_json":{"title":"Impressum &#187; Nachbarschaftsdienste h\u00e4usliche Pflege & Betreuung","description":"Impressum Nachbarschaftsdienste Franziska Richter Seitenstra\u00dfe 20 04463 Gro\u00dfp\u00f6sna, +49 (0) 17643464178, info@nachbarschaftsdienste.com","robots":{"index":"index","follow":"follow","max-snippet":"max-snippet:-1","max-image-preview":"max-image-preview:large","max-video-preview":"max-video-preview:-1"},"canonical":"https:\/\/nachbarschaftsdienste.com\/index.php\/impressum-impressumsangaben\/","og_locale":"de_DE","og_type":"article","og_title":"Impressum &#187; Nachbarschaftsdienste h\u00e4usliche Pflege & Betreuung","og_description":"Impressum Nachbarschaftsdienste Franziska Richter Seitenstra\u00dfe 20 04463 Gro\u00dfp\u00f6sna, +49 (0) 17643464178, info@nachbarschaftsdienste.com","og_url":"https:\/\/nachbarschaftsdienste.com\/index.php\/impressum-impressumsangaben\/","og_site_name":"Nachbarschaftsdienste","article_publisher":"https:\/\/www.facebook.com\/Nachbarschaftsdienste","article_modified_time":"2025-07-25T20:22:07+00:00","twitter_card":"summary_large_image","twitter_misc":{"Gesch\u00e4tzte Lesezeit":"3\u00a0Minuten"},"schema":{"@context":"https:\/\/schema.org","@graph":[{"@type":"WebPage","@id":"https:\/\/nachbarschaftsdienste.com\/index.php\/impressum-impressumsangaben\/","url":"https:\/\/nachbarschaftsdienste.com\/index.php\/impressum-impressumsangaben\/","name":"Impressum &#187; Nachbarschaftsdienste h\u00e4usliche Pflege & Betreuung","isPartOf":{"@id":"https:\/\/nachbarschaftsdienste.com\/#website"},"datePublished":"2020-05-23T23:50:01+00:00","dateModified":"2025-07-25T20:22:07+00:00","description":"Impressum Nachbarschaftsdienste Franziska Richter Seitenstra\u00dfe 20 04463 Gro\u00dfp\u00f6sna, +49 (0) 17643464178, info@nachbarschaftsdienste.com","breadcrumb":{"@id":"https:\/\/nachbarschaftsdienste.com\/index.php\/impressum-impressumsangaben\/#breadcrumb"},"inLanguage":"de","potentialAction":[{"@type":"ReadAction","target":["https:\/\/nachbarschaftsdienste.com\/index.php\/impressum-impressumsangaben\/"]}]},{"@type":"BreadcrumbList","@id":"https:\/\/nachbarschaftsdienste.com\/index.php\/impressum-impressumsangaben\/#breadcrumb","itemListElement":[{"@type":"ListItem","position":1,"name":"Startseite","item":"https:\/\/nachbarschaftsdienste.com\/"},{"@type":"ListItem","position":2,"name":"Impressum"}]},{"@type":"WebSite","@id":"https:\/\/nachbarschaftsdienste.com\/#website","url":"https:\/\/nachbarschaftsdienste.com\/","name":"Nachbarschaftsdienste","description":"Alten- &amp; Krankenpflege \u00b7 Pflegeberatung \u00b7 Betreuung &amp; Entlastung","publisher":{"@id":"https:\/\/nachbarschaftsdienste.com\/#organization"},"potentialAction":[{"@type":"SearchAction","target":{"@type":"EntryPoint","urlTemplate":"https:\/\/nachbarschaftsdienste.com\/?s={search_term_string}"},"query-input":{"@type":"PropertyValueSpecification","valueRequired":true,"valueName":"search_term_string"}}],"inLanguage":"de"},{"@type":"Organization","@id":"https:\/\/nachbarschaftsdienste.com\/#organization","name":"Nachbarschaftsdienste","url":"https:\/\/nachbarschaftsdienste.com\/","logo":{"@type":"ImageObject","inLanguage":"de","@id":"https:\/\/nachbarschaftsdienste.com\/#\/schema\/logo\/image\/","url":"https:\/\/i1.wp.com\/nachbarschaftsdienste.com\/wp-content\/uploads\/2020\/05\/logo-web-Kopie-2.png?fit=512%2C512&ssl=1","contentUrl":"https:\/\/i1.wp.com\/nachbarschaftsdienste.com\/wp-content\/uploads\/2020\/05\/logo-web-Kopie-2.png?fit=512%2C512&ssl=1","width":512,"height":512,"caption":"Nachbarschaftsdienste"},"image":{"@id":"https:\/\/nachbarschaftsdienste.com\/#\/schema\/logo\/image\/"},"sameAs":["https:\/\/www.facebook.com\/Nachbarschaftsdienste","https:\/\/www.instagram.com\/nachbarschaftsdienste","https:\/\/www.linkedin.com\/company\/37535794\/"]}]}},"_links":{"self":[{"href":"https:\/\/nachbarschaftsdienste.com\/index.php\/wp-json\/wp\/v2\/pages\/40","targetHints":{"allow":["GET"]}}],"collection":[{"href":"https:\/\/nachbarschaftsdienste.com\/index.php\/wp-json\/wp\/v2\/pages"}],"about":[{"href":"https:\/\/nachbarschaftsdienste.com\/index.php\/wp-json\/wp\/v2\/types\/page"}],"author":[{"embeddable":true,"href":"https:\/\/nachbarschaftsdienste.com\/index.php\/wp-json\/wp\/v2\/users\/1"}],"replies":[{"embeddable":true,"href":"https:\/\/nachbarschaftsdienste.com\/index.php\/wp-json\/wp\/v2\/comments?post=40"}],"version-history":[{"count":43,"href":"https:\/\/nachbarschaftsdienste.com\/index.php\/wp-json\/wp\/v2\/pages\/40\/revisions"}],"predecessor-version":[{"id":1800,"href":"https:\/\/nachbarschaftsdienste.com\/index.php\/wp-json\/wp\/v2\/pages\/40\/revisions\/1800"}],"wp:attachment":[{"href":"https:\/\/nachbarschaftsdienste.com\/index.php\/wp-json\/wp\/v2\/media?parent=40"}],"curies":[{"name":"wp","href":"https:\/\/api.w.org\/{rel}","templated":true}]}}