{"id":203,"date":"2020-05-25T14:58:41","date_gmt":"2020-05-25T14:58:41","guid":{"rendered":"https:\/\/nachbarschaftsdienste.com\/?page_id=203"},"modified":"2023-08-12T14:33:43","modified_gmt":"2023-08-12T14:33:43","slug":"haushaltsservice","status":"publish","type":"page","link":"https:\/\/nachbarschaftsdienste.com\/index.php\/haushaltsservice\/","title":{"rendered":"Haushaltsservice"},"content":{"rendered":"\t\t<div data-elementor-type=\"wp-page\" data-elementor-id=\"203\" class=\"elementor elementor-203\">\n\t\t\t\t\t\t<section class=\"elementor-section elementor-top-section elementor-element elementor-element-77f3eddb elementor-section-stretched elementor-section-boxed elementor-section-height-default elementor-section-height-default\" data-id=\"77f3eddb\" data-element_type=\"section\" data-e-type=\"section\" data-settings=\"{&quot;stretch_section&quot;:&quot;section-stretched&quot;}\">\n\t\t\t\t\t\t<div class=\"elementor-container elementor-column-gap-default\">\n\t\t\t\t\t<div class=\"elementor-column elementor-col-100 elementor-top-column elementor-element elementor-element-234f5f2\" data-id=\"234f5f2\" data-element_type=\"column\" data-e-type=\"column\">\n\t\t\t<div class=\"elementor-widget-wrap elementor-element-populated\">\n\t\t\t\t\t\t<div class=\"elementor-element elementor-element-172248 elementor-widget elementor-widget-heading\" data-id=\"172248\" data-element_type=\"widget\" data-e-type=\"widget\" data-widget_type=\"heading.default\">\n\t\t\t\t<div class=\"elementor-widget-container\">\n\t\t\t\t\t<h2 class=\"elementor-heading-title elementor-size-default\">Zu Hause sauber, zu Hause wohlf\u00fchlen \u2013 mit unserem Haushaltsservice <\/h2>\t\t\t\t<\/div>\n\t\t\t\t<\/div>\n\t\t\t\t<div class=\"elementor-element elementor-element-1b6f5890 elementor-widget elementor-widget-heading\" data-id=\"1b6f5890\" data-element_type=\"widget\" data-e-type=\"widget\" data-widget_type=\"heading.default\">\n\t\t\t\t<div class=\"elementor-widget-container\">\n\t\t\t\t\t<h3 class=\"elementor-heading-title elementor-size-default\">\u2026 Weil Alltag leicht sein darf!<\/h3>\t\t\t\t<\/div>\n\t\t\t\t<\/div>\n\t\t\t\t<div class=\"elementor-element elementor-element-5c9fe1a elementor-widget elementor-widget-spacer\" data-id=\"5c9fe1a\" data-element_type=\"widget\" data-e-type=\"widget\" data-widget_type=\"spacer.default\">\n\t\t\t\t<div class=\"elementor-widget-container\">\n\t\t\t\t\t\t\t<div class=\"elementor-spacer\">\n\t\t\t<div class=\"elementor-spacer-inner\"><\/div>\n\t\t<\/div>\n\t\t\t\t\t\t<\/div>\n\t\t\t\t<\/div>\n\t\t\t\t<div class=\"elementor-element elementor-element-174b311d elementor-widget elementor-widget-text-editor\" data-id=\"174b311d\" data-element_type=\"widget\" data-e-type=\"widget\" data-widget_type=\"text-editor.default\">\n\t\t\t\t<div class=\"elementor-widget-container\">\n\t\t\t\t\t\t\t\t\t<p>Egal, ob Sie eine Entlastung vom l\u00e4stigen Putzplan w\u00fcnschen, Ihre Wohnr\u00e4ume<br \/>strahlen sollen oder Sie als Senior ein paar flinke H\u00e4nde ben\u00f6tigen: Mein Team und ich bringen Ihre R\u00e4umlichkeiten zum Gl\u00e4nzen.<\/p><p>Auch den <strong>Einkauf<\/strong> \u00fcbernehmen wir gerne f\u00fcr Sie, sodass Sie nach einem anstrengenden Tag in einen reich gef\u00fcllten K\u00fchlschrank blicken, statt nochmals loszuhetzen.<\/p><p><strong>Pflanzenpflege<\/strong> oder <strong>Haustierbetreuung<\/strong>? Sogar hier beweisen wir gr\u00fcnen Daumen und Fingerspitzengef\u00fchl. Bei uns werden Mensch, Tier und Flora gleicherma\u00dfen sorgsam behandelt. Machen Sie sich den Alltag leichter!<\/p>\t\t\t\t\t\t\t\t<\/div>\n\t\t\t\t<\/div>\n\t\t\t\t<div class=\"elementor-element elementor-element-173191f0 elementor-widget elementor-widget-spacer\" data-id=\"173191f0\" data-element_type=\"widget\" data-e-type=\"widget\" data-widget_type=\"spacer.default\">\n\t\t\t\t<div class=\"elementor-widget-container\">\n\t\t\t\t\t\t\t<div class=\"elementor-spacer\">\n\t\t\t<div class=\"elementor-spacer-inner\"><\/div>\n\t\t<\/div>\n\t\t\t\t\t\t<\/div>\n\t\t\t\t<\/div>\n\t\t\t\t\t<\/div>\n\t\t<\/div>\n\t\t\t\t\t<\/div>\n\t\t<\/section>\n\t\t\t\t<section class=\"elementor-section elementor-top-section elementor-element elementor-element-619917c elementor-section-stretched elementor-section-boxed elementor-section-height-default elementor-section-height-default\" data-id=\"619917c\" data-element_type=\"section\" data-e-type=\"section\" data-settings=\"{&quot;stretch_section&quot;:&quot;section-stretched&quot;,&quot;background_background&quot;:&quot;classic&quot;}\">\n\t\t\t\t\t\t<div class=\"elementor-container elementor-column-gap-default\">\n\t\t\t\t\t<div class=\"elementor-column elementor-col-50 elementor-top-column elementor-element elementor-element-3d1a8341\" data-id=\"3d1a8341\" data-element_type=\"column\" data-e-type=\"column\">\n\t\t\t<div class=\"elementor-widget-wrap elementor-element-populated\">\n\t\t\t\t\t\t<div class=\"elementor-element elementor-element-37c1d341 elementor-widget elementor-widget-heading\" data-id=\"37c1d341\" data-element_type=\"widget\" data-e-type=\"widget\" data-widget_type=\"heading.default\">\n\t\t\t\t<div class=\"elementor-widget-container\">\n\t\t\t\t\t<h3 class=\"elementor-heading-title elementor-size-default\">Unsere Haushaltsleistungen<\/h3>\t\t\t\t<\/div>\n\t\t\t\t<\/div>\n\t\t\t\t<div class=\"elementor-element elementor-element-7556ddee elementor-hidden-mobile elementor-widget elementor-widget-spacer\" data-id=\"7556ddee\" data-element_type=\"widget\" data-e-type=\"widget\" data-widget_type=\"spacer.default\">\n\t\t\t\t<div class=\"elementor-widget-container\">\n\t\t\t\t\t\t\t<div class=\"elementor-spacer\">\n\t\t\t<div class=\"elementor-spacer-inner\"><\/div>\n\t\t<\/div>\n\t\t\t\t\t\t<\/div>\n\t\t\t\t<\/div>\n\t\t\t\t<div class=\"elementor-element elementor-element-79f23321 elementor-widget elementor-widget-text-editor\" data-id=\"79f23321\" data-element_type=\"widget\" data-e-type=\"widget\" data-widget_type=\"text-editor.default\">\n\t\t\t\t<div class=\"elementor-widget-container\">\n\t\t\t\t\t\t\t\t\t<p>Ordnung muss sein \u2013 vor allem in Ihren vier W\u00e4nden! Deshalb nehmen wir uns f\u00fcr folgende Aufgaben Zeit:<\/p>\n<ul>\n<li>Staubwischen und Staubsaugen<\/li>\n<li>Boden- und Treppenreinigung<\/li>\n<li>Fensterputzen<\/li>\n<li>K\u00fcchen- und B\u00e4derreinigung inklusive aller Ger\u00e4te<\/li>\n<li>Pflanzenpflege<\/li>\n<li>Haustierbetreuung<\/li>\n<li>Eink\u00e4ufe und Briefkastenleerung<\/li>\n<\/ul>\t\t\t\t\t\t\t\t<\/div>\n\t\t\t\t<\/div>\n\t\t\t\t\t<\/div>\n\t\t<\/div>\n\t\t\t\t<div class=\"elementor-column elementor-col-50 elementor-top-column elementor-element elementor-element-8fae9a2\" data-id=\"8fae9a2\" data-element_type=\"column\" data-e-type=\"column\" data-settings=\"{&quot;background_background&quot;:&quot;classic&quot;}\">\n\t\t\t<div class=\"elementor-widget-wrap elementor-element-populated\">\n\t\t\t\t\t\t<div class=\"elementor-element elementor-element-4204ee33 elementor-widget elementor-widget-text-editor\" data-id=\"4204ee33\" data-element_type=\"widget\" data-e-type=\"widget\" data-widget_type=\"text-editor.default\">\n\t\t\t\t<div class=\"elementor-widget-container\">\n\t\t\t\t\t\t\t\t\t<h3>Unser Expertentipp zur Kosten\u00fcbernahme:<\/h3><p>Generell sind haushaltsnahe Dienstleistungen steuerlich absetzbar nach \u00a7 35 a EstG.<\/p><p>Bei Vorliegen eines Pflegegrades kann der Haushaltsservice \u00fcber Ihre Pflegekasse nach \u00a7 45 b SGB XI finanziert werden.<\/p><p>Einige Krankenkassen genehmigen zudem eine Haushaltshilfe nach \u00a7 38 SGB V. Nachfragen lohnt sich also.<\/p>\t\t\t\t\t\t\t\t<\/div>\n\t\t\t\t<\/div>\n\t\t\t\t\t<\/div>\n\t\t<\/div>\n\t\t\t\t\t<\/div>\n\t\t<\/section>\n\t\t\t\t<\/div>\n\t\t","protected":false},"excerpt":{"rendered":"<p>Zu Hause sauber, zu Hause wohlf\u00fchlen \u2013 mit unserem Haushaltsservice \u2026 Weil Alltag leicht sein darf! Egal, ob Sie eine Entlastung vom l\u00e4stigen Putzplan w\u00fcnschen, Ihre Wohnr\u00e4umestrahlen sollen oder Sie als Senior ein paar flinke H\u00e4nde ben\u00f6tigen: Mein Team und ich bringen Ihre R\u00e4umlichkeiten zum Gl\u00e4nzen. Auch den Einkauf \u00fcbernehmen wir gerne f\u00fcr Sie, sodass&hellip; <a href=\"https:\/\/nachbarschaftsdienste.com\/index.php\/haushaltsservice\/\" class=\"more-link\">Weiterlesen <span class=\"screen-reader-text\">Haushaltsservice<\/span><\/a><\/p>\n","protected":false},"author":1,"featured_media":0,"parent":0,"menu_order":0,"comment_status":"closed","ping_status":"closed","template":"","meta":{"footnotes":""},"class_list":["post-203","page","type-page","status-publish","hentry","without-featured-image"],"yoast_head":"<!-- This site is optimized with the Yoast SEO plugin v27.4 - https:\/\/yoast.com\/product\/yoast-seo-wordpress\/ -->\n<title>Haushaltsservice in Leipzig \u2013 wir bringen Ihr Zuhause zum Strahlen<\/title>\n<meta name=\"description\" content=\"Sie brauchen ein paar flinke H\u00e4nde? Unser Haushaltsservice f\u00fcr Senioren, Familien und Firmen erledigt das Putzen, Einkaufen, ...\" \/>\n<meta name=\"robots\" content=\"index, follow, max-snippet:-1, max-image-preview:large, max-video-preview:-1\" \/>\n<link rel=\"canonical\" href=\"https:\/\/nachbarschaftsdienste.com\/index.php\/haushaltsservice\/\" \/>\n<meta property=\"og:locale\" content=\"de_DE\" \/>\n<meta property=\"og:type\" content=\"article\" \/>\n<meta property=\"og:title\" content=\"Haushaltsservice in Leipzig \u2013 wir bringen Ihr Zuhause zum Strahlen\" \/>\n<meta property=\"og:description\" content=\"Sie brauchen ein paar flinke H\u00e4nde? Unser Haushaltsservice f\u00fcr Senioren, Familien und Firmen erledigt das Putzen, Einkaufen, ...\" \/>\n<meta property=\"og:url\" content=\"https:\/\/nachbarschaftsdienste.com\/index.php\/haushaltsservice\/\" \/>\n<meta property=\"og:site_name\" content=\"Nachbarschaftsdienste\" \/>\n<meta property=\"article:publisher\" content=\"https:\/\/www.facebook.com\/Nachbarschaftsdienste\" \/>\n<meta property=\"article:modified_time\" content=\"2023-08-12T14:33:43+00:00\" \/>\n<meta name=\"twitter:card\" content=\"summary_large_image\" \/>\n<meta name=\"twitter:label1\" content=\"Gesch\u00e4tzte Lesezeit\" \/>\n\t<meta name=\"twitter:data1\" content=\"2\u00a0Minuten\" \/>\n<script type=\"application\/ld+json\" class=\"yoast-schema-graph\">{\"@context\":\"https:\\\/\\\/schema.org\",\"@graph\":[{\"@type\":\"WebPage\",\"@id\":\"https:\\\/\\\/nachbarschaftsdienste.com\\\/index.php\\\/haushaltsservice\\\/\",\"url\":\"https:\\\/\\\/nachbarschaftsdienste.com\\\/index.php\\\/haushaltsservice\\\/\",\"name\":\"Haushaltsservice in Leipzig \u2013 wir bringen Ihr Zuhause zum Strahlen\",\"isPartOf\":{\"@id\":\"https:\\\/\\\/nachbarschaftsdienste.com\\\/#website\"},\"datePublished\":\"2020-05-25T14:58:41+00:00\",\"dateModified\":\"2023-08-12T14:33:43+00:00\",\"description\":\"Sie brauchen ein paar flinke H\u00e4nde? Unser Haushaltsservice f\u00fcr Senioren, Familien und Firmen erledigt das Putzen, Einkaufen, ...\",\"breadcrumb\":{\"@id\":\"https:\\\/\\\/nachbarschaftsdienste.com\\\/index.php\\\/haushaltsservice\\\/#breadcrumb\"},\"inLanguage\":\"de\",\"potentialAction\":[{\"@type\":\"ReadAction\",\"target\":[\"https:\\\/\\\/nachbarschaftsdienste.com\\\/index.php\\\/haushaltsservice\\\/\"]}]},{\"@type\":\"BreadcrumbList\",\"@id\":\"https:\\\/\\\/nachbarschaftsdienste.com\\\/index.php\\\/haushaltsservice\\\/#breadcrumb\",\"itemListElement\":[{\"@type\":\"ListItem\",\"position\":1,\"name\":\"Startseite\",\"item\":\"https:\\\/\\\/nachbarschaftsdienste.com\\\/\"},{\"@type\":\"ListItem\",\"position\":2,\"name\":\"Haushaltsservice\"}]},{\"@type\":\"WebSite\",\"@id\":\"https:\\\/\\\/nachbarschaftsdienste.com\\\/#website\",\"url\":\"https:\\\/\\\/nachbarschaftsdienste.com\\\/\",\"name\":\"Nachbarschaftsdienste\",\"description\":\"Alten- &amp; Krankenpflege \u00b7 Pflegeberatung \u00b7 Betreuung &amp; Entlastung\",\"publisher\":{\"@id\":\"https:\\\/\\\/nachbarschaftsdienste.com\\\/#organization\"},\"potentialAction\":[{\"@type\":\"SearchAction\",\"target\":{\"@type\":\"EntryPoint\",\"urlTemplate\":\"https:\\\/\\\/nachbarschaftsdienste.com\\\/?s={search_term_string}\"},\"query-input\":{\"@type\":\"PropertyValueSpecification\",\"valueRequired\":true,\"valueName\":\"search_term_string\"}}],\"inLanguage\":\"de\"},{\"@type\":\"Organization\",\"@id\":\"https:\\\/\\\/nachbarschaftsdienste.com\\\/#organization\",\"name\":\"Nachbarschaftsdienste\",\"url\":\"https:\\\/\\\/nachbarschaftsdienste.com\\\/\",\"logo\":{\"@type\":\"ImageObject\",\"inLanguage\":\"de\",\"@id\":\"https:\\\/\\\/nachbarschaftsdienste.com\\\/#\\\/schema\\\/logo\\\/image\\\/\",\"url\":\"https:\\\/\\\/i1.wp.com\\\/nachbarschaftsdienste.com\\\/wp-content\\\/uploads\\\/2020\\\/05\\\/logo-web-Kopie-2.png?fit=512%2C512&ssl=1\",\"contentUrl\":\"https:\\\/\\\/i1.wp.com\\\/nachbarschaftsdienste.com\\\/wp-content\\\/uploads\\\/2020\\\/05\\\/logo-web-Kopie-2.png?fit=512%2C512&ssl=1\",\"width\":512,\"height\":512,\"caption\":\"Nachbarschaftsdienste\"},\"image\":{\"@id\":\"https:\\\/\\\/nachbarschaftsdienste.com\\\/#\\\/schema\\\/logo\\\/image\\\/\"},\"sameAs\":[\"https:\\\/\\\/www.facebook.com\\\/Nachbarschaftsdienste\",\"https:\\\/\\\/www.instagram.com\\\/nachbarschaftsdienste\",\"https:\\\/\\\/www.linkedin.com\\\/company\\\/37535794\\\/\"]}]}<\/script>\n<!-- \/ Yoast SEO plugin. -->","yoast_head_json":{"title":"Haushaltsservice in Leipzig \u2013 wir bringen Ihr Zuhause zum Strahlen","description":"Sie brauchen ein paar flinke H\u00e4nde? Unser Haushaltsservice f\u00fcr Senioren, Familien und Firmen erledigt das Putzen, Einkaufen, ...","robots":{"index":"index","follow":"follow","max-snippet":"max-snippet:-1","max-image-preview":"max-image-preview:large","max-video-preview":"max-video-preview:-1"},"canonical":"https:\/\/nachbarschaftsdienste.com\/index.php\/haushaltsservice\/","og_locale":"de_DE","og_type":"article","og_title":"Haushaltsservice in Leipzig \u2013 wir bringen Ihr Zuhause zum Strahlen","og_description":"Sie brauchen ein paar flinke H\u00e4nde? Unser Haushaltsservice f\u00fcr Senioren, Familien und Firmen erledigt das Putzen, Einkaufen, ...","og_url":"https:\/\/nachbarschaftsdienste.com\/index.php\/haushaltsservice\/","og_site_name":"Nachbarschaftsdienste","article_publisher":"https:\/\/www.facebook.com\/Nachbarschaftsdienste","article_modified_time":"2023-08-12T14:33:43+00:00","twitter_card":"summary_large_image","twitter_misc":{"Gesch\u00e4tzte Lesezeit":"2\u00a0Minuten"},"schema":{"@context":"https:\/\/schema.org","@graph":[{"@type":"WebPage","@id":"https:\/\/nachbarschaftsdienste.com\/index.php\/haushaltsservice\/","url":"https:\/\/nachbarschaftsdienste.com\/index.php\/haushaltsservice\/","name":"Haushaltsservice in Leipzig \u2013 wir bringen Ihr Zuhause zum Strahlen","isPartOf":{"@id":"https:\/\/nachbarschaftsdienste.com\/#website"},"datePublished":"2020-05-25T14:58:41+00:00","dateModified":"2023-08-12T14:33:43+00:00","description":"Sie brauchen ein paar flinke H\u00e4nde? Unser Haushaltsservice f\u00fcr Senioren, Familien und Firmen erledigt das Putzen, Einkaufen, ...","breadcrumb":{"@id":"https:\/\/nachbarschaftsdienste.com\/index.php\/haushaltsservice\/#breadcrumb"},"inLanguage":"de","potentialAction":[{"@type":"ReadAction","target":["https:\/\/nachbarschaftsdienste.com\/index.php\/haushaltsservice\/"]}]},{"@type":"BreadcrumbList","@id":"https:\/\/nachbarschaftsdienste.com\/index.php\/haushaltsservice\/#breadcrumb","itemListElement":[{"@type":"ListItem","position":1,"name":"Startseite","item":"https:\/\/nachbarschaftsdienste.com\/"},{"@type":"ListItem","position":2,"name":"Haushaltsservice"}]},{"@type":"WebSite","@id":"https:\/\/nachbarschaftsdienste.com\/#website","url":"https:\/\/nachbarschaftsdienste.com\/","name":"Nachbarschaftsdienste","description":"Alten- &amp; Krankenpflege \u00b7 Pflegeberatung \u00b7 Betreuung &amp; Entlastung","publisher":{"@id":"https:\/\/nachbarschaftsdienste.com\/#organization"},"potentialAction":[{"@type":"SearchAction","target":{"@type":"EntryPoint","urlTemplate":"https:\/\/nachbarschaftsdienste.com\/?s={search_term_string}"},"query-input":{"@type":"PropertyValueSpecification","valueRequired":true,"valueName":"search_term_string"}}],"inLanguage":"de"},{"@type":"Organization","@id":"https:\/\/nachbarschaftsdienste.com\/#organization","name":"Nachbarschaftsdienste","url":"https:\/\/nachbarschaftsdienste.com\/","logo":{"@type":"ImageObject","inLanguage":"de","@id":"https:\/\/nachbarschaftsdienste.com\/#\/schema\/logo\/image\/","url":"https:\/\/i1.wp.com\/nachbarschaftsdienste.com\/wp-content\/uploads\/2020\/05\/logo-web-Kopie-2.png?fit=512%2C512&ssl=1","contentUrl":"https:\/\/i1.wp.com\/nachbarschaftsdienste.com\/wp-content\/uploads\/2020\/05\/logo-web-Kopie-2.png?fit=512%2C512&ssl=1","width":512,"height":512,"caption":"Nachbarschaftsdienste"},"image":{"@id":"https:\/\/nachbarschaftsdienste.com\/#\/schema\/logo\/image\/"},"sameAs":["https:\/\/www.facebook.com\/Nachbarschaftsdienste","https:\/\/www.instagram.com\/nachbarschaftsdienste","https:\/\/www.linkedin.com\/company\/37535794\/"]}]}},"_links":{"self":[{"href":"https:\/\/nachbarschaftsdienste.com\/index.php\/wp-json\/wp\/v2\/pages\/203","targetHints":{"allow":["GET"]}}],"collection":[{"href":"https:\/\/nachbarschaftsdienste.com\/index.php\/wp-json\/wp\/v2\/pages"}],"about":[{"href":"https:\/\/nachbarschaftsdienste.com\/index.php\/wp-json\/wp\/v2\/types\/page"}],"author":[{"embeddable":true,"href":"https:\/\/nachbarschaftsdienste.com\/index.php\/wp-json\/wp\/v2\/users\/1"}],"replies":[{"embeddable":true,"href":"https:\/\/nachbarschaftsdienste.com\/index.php\/wp-json\/wp\/v2\/comments?post=203"}],"version-history":[{"count":35,"href":"https:\/\/nachbarschaftsdienste.com\/index.php\/wp-json\/wp\/v2\/pages\/203\/revisions"}],"predecessor-version":[{"id":1670,"href":"https:\/\/nachbarschaftsdienste.com\/index.php\/wp-json\/wp\/v2\/pages\/203\/revisions\/1670"}],"wp:attachment":[{"href":"https:\/\/nachbarschaftsdienste.com\/index.php\/wp-json\/wp\/v2\/media?parent=203"}],"curies":[{"name":"wp","href":"https:\/\/api.w.org\/{rel}","templated":true}]}}