{"id":192,"date":"2020-05-25T14:54:55","date_gmt":"2020-05-25T14:54:55","guid":{"rendered":"https:\/\/nachbarschaftsdienste.com\/?page_id=192"},"modified":"2025-08-17T08:47:47","modified_gmt":"2025-08-17T08:47:47","slug":"betreuung-begleitung-entlastung-seniorenbetreuung","status":"publish","type":"page","link":"https:\/\/nachbarschaftsdienste.com\/index.php\/betreuung-begleitung-entlastung-seniorenbetreuung\/","title":{"rendered":"Betreuung \/ Begleitung \/ Entlastung"},"content":{"rendered":"\t\t<div data-elementor-type=\"wp-page\" data-elementor-id=\"192\" class=\"elementor elementor-192\">\n\t\t\t\t\t\t<section class=\"elementor-section elementor-top-section elementor-element elementor-element-318a177a elementor-section-stretched elementor-section-boxed elementor-section-height-default elementor-section-height-default\" data-id=\"318a177a\" data-element_type=\"section\" data-e-type=\"section\" data-settings=\"{&quot;stretch_section&quot;:&quot;section-stretched&quot;}\">\n\t\t\t\t\t\t<div class=\"elementor-container elementor-column-gap-default\">\n\t\t\t\t\t<div class=\"elementor-column elementor-col-100 elementor-top-column elementor-element elementor-element-53333511\" data-id=\"53333511\" data-element_type=\"column\" data-e-type=\"column\">\n\t\t\t<div class=\"elementor-widget-wrap elementor-element-populated\">\n\t\t\t\t\t\t<div class=\"elementor-element elementor-element-74757526 elementor-widget elementor-widget-heading\" data-id=\"74757526\" data-element_type=\"widget\" data-e-type=\"widget\" data-widget_type=\"heading.default\">\n\t\t\t\t<div class=\"elementor-widget-container\">\n\t\t\t\t\t<h2 class=\"elementor-heading-title elementor-size-default\">Seniorenbetreuung und Begleitservice f\u00fcr einen entspannten Alltag<\/h2>\t\t\t\t<\/div>\n\t\t\t\t<\/div>\n\t\t\t\t<div class=\"elementor-element elementor-element-4163603d elementor-widget elementor-widget-heading\" data-id=\"4163603d\" data-element_type=\"widget\" data-e-type=\"widget\" data-widget_type=\"heading.default\">\n\t\t\t\t<div class=\"elementor-widget-container\">\n\t\t\t\t\t<h3 class=\"elementor-heading-title elementor-size-default\">\u2026 Weil Pflege Geborgenheit bedeutet!<\/h3>\t\t\t\t<\/div>\n\t\t\t\t<\/div>\n\t\t\t\t<div class=\"elementor-element elementor-element-3c3cda44 elementor-widget elementor-widget-spacer\" data-id=\"3c3cda44\" data-element_type=\"widget\" data-e-type=\"widget\" data-widget_type=\"spacer.default\">\n\t\t\t\t<div class=\"elementor-widget-container\">\n\t\t\t\t\t\t\t<div class=\"elementor-spacer\">\n\t\t\t<div class=\"elementor-spacer-inner\"><\/div>\n\t\t<\/div>\n\t\t\t\t\t\t<\/div>\n\t\t\t\t<\/div>\n\t\t\t\t<div class=\"elementor-element elementor-element-331f1f0f elementor-widget elementor-widget-text-editor\" data-id=\"331f1f0f\" data-element_type=\"widget\" data-e-type=\"widget\" data-widget_type=\"text-editor.default\">\n\t\t\t\t<div class=\"elementor-widget-container\">\n\t\t\t\t\t\t\t\t\t<p>Manchmal vertreibt schon ein herzliches Gespr\u00e4ch oder das gemeinsame Schm\u00f6kern in der Zeitung Ihre tr\u00fcben Gedanken. Oder ein entspannter Spaziergang reicht manchmal aus, um Ihnen ein L\u00e4cheln auf die Lippen zu zaubern. Und manchmal brauchen Sie einfach eine Begleitung, um sich beim Gang zum Arzt sicher zu f\u00fchlen.<\/p><p>Schaffen Sie f\u00fcr sich oder einen Angeh\u00f6rigen ein Umfeld, dass Vertrauen und Geborgenheit schenkt. Mit unserer <b>Seniorenbetreuung <\/b>und unserem <b>Begleitungsdienst <\/b>sind wir f\u00fcr Sie da!<\/p>\t\t\t\t\t\t\t\t<\/div>\n\t\t\t\t<\/div>\n\t\t\t\t<div class=\"elementor-element elementor-element-6a2bd965 elementor-hidden-mobile elementor-widget elementor-widget-spacer\" data-id=\"6a2bd965\" data-element_type=\"widget\" data-e-type=\"widget\" data-widget_type=\"spacer.default\">\n\t\t\t\t<div class=\"elementor-widget-container\">\n\t\t\t\t\t\t\t<div class=\"elementor-spacer\">\n\t\t\t<div class=\"elementor-spacer-inner\"><\/div>\n\t\t<\/div>\n\t\t\t\t\t\t<\/div>\n\t\t\t\t<\/div>\n\t\t\t\t\t<\/div>\n\t\t<\/div>\n\t\t\t\t\t<\/div>\n\t\t<\/section>\n\t\t\t\t<section class=\"elementor-section elementor-top-section elementor-element elementor-element-38530d4a elementor-section-stretched elementor-section-boxed elementor-section-height-default elementor-section-height-default\" data-id=\"38530d4a\" data-element_type=\"section\" data-e-type=\"section\" data-settings=\"{&quot;stretch_section&quot;:&quot;section-stretched&quot;}\">\n\t\t\t\t\t\t<div class=\"elementor-container elementor-column-gap-default\">\n\t\t\t\t\t<div class=\"elementor-column elementor-col-50 elementor-top-column elementor-element elementor-element-6584e40b\" data-id=\"6584e40b\" data-element_type=\"column\" data-e-type=\"column\">\n\t\t\t<div class=\"elementor-widget-wrap elementor-element-populated\">\n\t\t\t\t\t\t<div class=\"elementor-element elementor-element-5cc7a8af elementor-widget elementor-widget-image\" data-id=\"5cc7a8af\" data-element_type=\"widget\" data-e-type=\"widget\" data-widget_type=\"image.default\">\n\t\t\t\t<div class=\"elementor-widget-container\">\n\t\t\t\t\t\t\t\t\t\t\t\t\t\t\t<img fetchpriority=\"high\" decoding=\"async\" width=\"825\" height=\"619\" src=\"https:\/\/nachbarschaftsdienste.com\/wp-content\/uploads\/2023\/03\/seniorenbetreuung-leipzig.jpg\" class=\"attachment-large size-large wp-image-1329\" alt=\"Seniorenbetreuung ohne Zeitdruck und mit jeder Menge Herz \u2013 das garantiert Nachbarschaftsdienste in Leipzig.\" srcset=\"https:\/\/nachbarschaftsdienste.com\/wp-content\/uploads\/2023\/03\/seniorenbetreuung-leipzig.jpg 1024w, https:\/\/nachbarschaftsdienste.com\/wp-content\/uploads\/2023\/03\/seniorenbetreuung-leipzig-300x225.jpg 300w, https:\/\/nachbarschaftsdienste.com\/wp-content\/uploads\/2023\/03\/seniorenbetreuung-leipzig-768x576.jpg 768w\" sizes=\"(max-width: 825px) 100vw, 825px\" \/>\t\t\t\t\t\t\t\t\t\t\t\t\t\t\t<\/div>\n\t\t\t\t<\/div>\n\t\t\t\t\t<\/div>\n\t\t<\/div>\n\t\t\t\t<div class=\"elementor-column elementor-col-50 elementor-top-column elementor-element elementor-element-973d00e\" data-id=\"973d00e\" data-element_type=\"column\" data-e-type=\"column\">\n\t\t\t<div class=\"elementor-widget-wrap elementor-element-populated\">\n\t\t\t\t\t\t<div class=\"elementor-element elementor-element-6881f4d2 elementor-widget elementor-widget-heading\" data-id=\"6881f4d2\" data-element_type=\"widget\" data-e-type=\"widget\" data-widget_type=\"heading.default\">\n\t\t\t\t<div class=\"elementor-widget-container\">\n\t\t\t\t\t<h2 class=\"elementor-heading-title elementor-size-default\">Pers\u00f6nlich, herzlich, zuverl\u00e4ssig \u2013 Lebensabend leicht gemacht!<\/h2>\t\t\t\t<\/div>\n\t\t\t\t<\/div>\n\t\t\t\t<div class=\"elementor-element elementor-element-5a04e816 elementor-hidden-mobile elementor-widget elementor-widget-spacer\" data-id=\"5a04e816\" data-element_type=\"widget\" data-e-type=\"widget\" data-widget_type=\"spacer.default\">\n\t\t\t\t<div class=\"elementor-widget-container\">\n\t\t\t\t\t\t\t<div class=\"elementor-spacer\">\n\t\t\t<div class=\"elementor-spacer-inner\"><\/div>\n\t\t<\/div>\n\t\t\t\t\t\t<\/div>\n\t\t\t\t<\/div>\n\t\t\t\t<div class=\"elementor-element elementor-element-5e26b735 elementor-widget elementor-widget-text-editor\" data-id=\"5e26b735\" data-element_type=\"widget\" data-e-type=\"widget\" data-widget_type=\"text-editor.default\">\n\t\t\t\t<div class=\"elementor-widget-container\">\n\t\t\t\t\t\t\t\t\t<p>Mit <strong>\u00fcber 20 Jahren Erfahrung in der Pflege<\/strong> <strong>und Seniorenbetreuung<\/strong> wissen wir, welche Herausforderungen mit dem \u00c4lterwerden verbunden sind.<\/p><p>Vielleicht ertappen Sie sich oder Angeh\u00f6rige, um die Sie sich k\u00fcmmern bei folgenden Gedanken:<\/p><ul><li>Ich bin einsam und habe alleine keine Lust, etwas zu unternehmen.<\/li><li>Ich f\u00fchle mich unsicher, wenn ich alleine einkaufen gehe.<\/li><li>Es f\u00e4llt mir schwer, in Kontakt mit anderen zu kommen.<\/li><li>Ich kann mir Dinge zunehmend schlechter merken.<\/li><\/ul><p>In diesen F\u00e4llen kann eine Betreuung oder der Besuchsdienst Ihre Lebenssituation positiv beeinflussen.<\/p>\t\t\t\t\t\t\t\t<\/div>\n\t\t\t\t<\/div>\n\t\t\t\t\t<\/div>\n\t\t<\/div>\n\t\t\t\t\t<\/div>\n\t\t<\/section>\n\t\t\t\t<section class=\"elementor-section elementor-top-section elementor-element elementor-element-19ad811d elementor-section-stretched elementor-section-boxed elementor-section-height-default elementor-section-height-default\" data-id=\"19ad811d\" data-element_type=\"section\" data-e-type=\"section\" data-settings=\"{&quot;stretch_section&quot;:&quot;section-stretched&quot;,&quot;background_background&quot;:&quot;classic&quot;}\">\n\t\t\t\t\t\t<div class=\"elementor-container elementor-column-gap-default\">\n\t\t\t\t\t<div class=\"elementor-column elementor-col-50 elementor-top-column elementor-element elementor-element-65eb05e7\" data-id=\"65eb05e7\" data-element_type=\"column\" data-e-type=\"column\">\n\t\t\t<div class=\"elementor-widget-wrap elementor-element-populated\">\n\t\t\t\t\t\t<div class=\"elementor-element elementor-element-a810264 elementor-widget elementor-widget-heading\" data-id=\"a810264\" data-element_type=\"widget\" data-e-type=\"widget\" data-widget_type=\"heading.default\">\n\t\t\t\t<div class=\"elementor-widget-container\">\n\t\t\t\t\t<h3 class=\"elementor-heading-title elementor-size-default\">Unsere Leistungen im Bereich Seniorenbetreuung und Begleitservice<\/h3>\t\t\t\t<\/div>\n\t\t\t\t<\/div>\n\t\t\t\t<div class=\"elementor-element elementor-element-4243e25 elementor-hidden-mobile elementor-widget elementor-widget-spacer\" data-id=\"4243e25\" data-element_type=\"widget\" data-e-type=\"widget\" data-widget_type=\"spacer.default\">\n\t\t\t\t<div class=\"elementor-widget-container\">\n\t\t\t\t\t\t\t<div class=\"elementor-spacer\">\n\t\t\t<div class=\"elementor-spacer-inner\"><\/div>\n\t\t<\/div>\n\t\t\t\t\t\t<\/div>\n\t\t\t\t<\/div>\n\t\t\t\t<div class=\"elementor-element elementor-element-29790d7 elementor-widget elementor-widget-text-editor\" data-id=\"29790d7\" data-element_type=\"widget\" data-e-type=\"widget\" data-widget_type=\"text-editor.default\">\n\t\t\t\t<div class=\"elementor-widget-container\">\n\t\t\t\t\t\t\t\t\t<p>Ganz ohne Stress und zu vorher vereinbarten Terminen kommen wir zu Ihnen nach Hause. Je nach Bedarf und Ihrer Tagesform gestalten wir die gemeinsame Zeit:<\/p>\n<ul>\n<li>Gespr\u00e4che, Ged\u00e4chtnis- und Orientierungstraining<\/li>\n<li>gemeinsames Schm\u00f6kern in der Zeitung<\/li>\n<li>wohltuende Spazierg\u00e4nge<\/li>\n<li>Erledigungen und Einkaufsservice<\/li>\n<li>Begleitung zu \u00c4rzten, Therapeuten, Beh\u00f6rden oder Freizeit-Veranstaltungen<\/li>\n<li>Alltagshilfe und -betreuung<\/li>\n<li>Nachbarschaftshilfe<\/li>\n<li><a href=\"https:\/\/nachbarschaftsdienste.com\/index.php\/haushaltsservice\/\">Haushaltsservice<\/a><\/li>\n<\/ul>\t\t\t\t\t\t\t\t<\/div>\n\t\t\t\t<\/div>\n\t\t\t\t\t<\/div>\n\t\t<\/div>\n\t\t\t\t<div class=\"elementor-column elementor-col-50 elementor-top-column elementor-element elementor-element-4c3e1fec\" data-id=\"4c3e1fec\" data-element_type=\"column\" data-e-type=\"column\" data-settings=\"{&quot;background_background&quot;:&quot;classic&quot;}\">\n\t\t\t<div class=\"elementor-widget-wrap elementor-element-populated\">\n\t\t\t\t\t\t<div class=\"elementor-element elementor-element-a652a3 elementor-widget elementor-widget-text-editor\" data-id=\"a652a3\" data-element_type=\"widget\" data-e-type=\"widget\" data-widget_type=\"text-editor.default\">\n\t\t\t\t<div class=\"elementor-widget-container\">\n\t\t\t\t\t\t\t\t\t<h3>Unser Expertentipp zur Kosten\u00fcbernahme:<\/h3><p>Die zus\u00e4tzlichen Entlastungsleistungen nach \u00a7 45 b SGB XI \u2013 wie die Seniorenbetreuung auch genannt wird \u2013 sind durch die Kranken- und Pflegekasse bei Vorliegen eines Pflegegrades (PG 1-5) finanzierbar.<\/p><p>Wir beraten Sie in einem kostenlosen Gespr\u00e4ch und unterst\u00fctzen Sie bei der <strong>Beantragung eines Pflegegrades<\/strong> und der <strong>Kosten\u00fcbernahme<\/strong> der gew\u00fcnschten Leistungen.<\/p>\t\t\t\t\t\t\t\t<\/div>\n\t\t\t\t<\/div>\n\t\t\t\t<div class=\"elementor-element elementor-element-1f3648d3 elementor-align-left elementor-widget elementor-widget-button\" data-id=\"1f3648d3\" data-element_type=\"widget\" data-e-type=\"widget\" data-settings=\"{&quot;_animation&quot;:&quot;none&quot;}\" data-widget_type=\"button.default\">\n\t\t\t\t<div class=\"elementor-widget-container\">\n\t\t\t\t\t\t\t\t\t<div class=\"elementor-button-wrapper\">\n\t\t\t\t\t<a class=\"elementor-button elementor-button-link elementor-size-md\" href=\"mailto:info@nachbarschaftsdienste.com\">\n\t\t\t\t\t\t<span class=\"elementor-button-content-wrapper\">\n\t\t\t\t\t\t<span class=\"elementor-button-icon\">\n\t\t\t\t<i aria-hidden=\"true\" class=\"far fa-envelope\"><\/i>\t\t\t<\/span>\n\t\t\t\t\t\t\t\t\t<span class=\"elementor-button-text\">Jetzt Termin vereinbaren<\/span>\n\t\t\t\t\t<\/span>\n\t\t\t\t\t<\/a>\n\t\t\t\t<\/div>\n\t\t\t\t\t\t\t\t<\/div>\n\t\t\t\t<\/div>\n\t\t\t\t\t<\/div>\n\t\t<\/div>\n\t\t\t\t\t<\/div>\n\t\t<\/section>\n\t\t\t\t<\/div>\n\t\t","protected":false},"excerpt":{"rendered":"<p>Seniorenbetreuung und Begleitservice f\u00fcr einen entspannten Alltag \u2026 Weil Pflege Geborgenheit bedeutet! Manchmal vertreibt schon ein herzliches Gespr\u00e4ch oder das gemeinsame Schm\u00f6kern in der Zeitung Ihre tr\u00fcben Gedanken. Oder ein entspannter Spaziergang reicht manchmal aus, um Ihnen ein L\u00e4cheln auf die Lippen zu zaubern. Und manchmal brauchen Sie einfach eine Begleitung, um sich beim Gang&hellip; <a href=\"https:\/\/nachbarschaftsdienste.com\/index.php\/betreuung-begleitung-entlastung-seniorenbetreuung\/\" class=\"more-link\">Weiterlesen <span class=\"screen-reader-text\">Betreuung \/ Begleitung \/ Entlastung<\/span><\/a><\/p>\n","protected":false},"author":1,"featured_media":0,"parent":0,"menu_order":0,"comment_status":"closed","ping_status":"closed","template":"","meta":{"footnotes":""},"class_list":["post-192","page","type-page","status-publish","hentry","without-featured-image"],"yoast_head":"<!-- This site is optimized with the Yoast SEO plugin v27.4 - https:\/\/yoast.com\/product\/yoast-seo-wordpress\/ -->\n<title>Betreuung \/ Begleitung \/ Entlastung \u2013 Ihre Adresse in Leipzig!<\/title>\n<meta name=\"description\" content=\"Egal, ob Sie eine Alltagsbetreuung w\u00fcnschen oder Entlastungsleistungen beantragen m\u00f6chten \u2013 Nachbarschaftsdienste unterst\u00fctzt Sie bei ... %\" \/>\n<meta name=\"robots\" content=\"index, follow, max-snippet:-1, max-image-preview:large, max-video-preview:-1\" \/>\n<link rel=\"canonical\" href=\"https:\/\/nachbarschaftsdienste.com\/index.php\/betreuung-begleitung-entlastung-seniorenbetreuung\/\" \/>\n<meta property=\"og:locale\" content=\"de_DE\" \/>\n<meta property=\"og:type\" content=\"article\" \/>\n<meta property=\"og:title\" content=\"Betreuung \/ Begleitung \/ Entlastung \u2013 Ihre Adresse in Leipzig!\" \/>\n<meta property=\"og:description\" content=\"Egal, ob Sie eine Alltagsbetreuung w\u00fcnschen oder Entlastungsleistungen beantragen m\u00f6chten \u2013 Nachbarschaftsdienste unterst\u00fctzt Sie bei ... %\" \/>\n<meta property=\"og:url\" content=\"https:\/\/nachbarschaftsdienste.com\/index.php\/betreuung-begleitung-entlastung-seniorenbetreuung\/\" \/>\n<meta property=\"og:site_name\" content=\"Nachbarschaftsdienste\" \/>\n<meta property=\"article:publisher\" content=\"https:\/\/www.facebook.com\/Nachbarschaftsdienste\" \/>\n<meta property=\"article:modified_time\" content=\"2025-08-17T08:47:47+00:00\" \/>\n<meta property=\"og:image\" content=\"https:\/\/nachbarschaftsdienste.com\/wp-content\/uploads\/2023\/03\/seniorenbetreuung-leipzig.jpg\" \/>\n<meta name=\"twitter:card\" content=\"summary_large_image\" \/>\n<meta name=\"twitter:label1\" content=\"Gesch\u00e4tzte Lesezeit\" \/>\n\t<meta name=\"twitter:data1\" content=\"2\u00a0Minuten\" \/>\n<script type=\"application\/ld+json\" class=\"yoast-schema-graph\">{\"@context\":\"https:\\\/\\\/schema.org\",\"@graph\":[{\"@type\":\"WebPage\",\"@id\":\"https:\\\/\\\/nachbarschaftsdienste.com\\\/index.php\\\/betreuung-begleitung-entlastung-seniorenbetreuung\\\/\",\"url\":\"https:\\\/\\\/nachbarschaftsdienste.com\\\/index.php\\\/betreuung-begleitung-entlastung-seniorenbetreuung\\\/\",\"name\":\"Betreuung \\\/ Begleitung \\\/ Entlastung \u2013 Ihre Adresse in Leipzig!\",\"isPartOf\":{\"@id\":\"https:\\\/\\\/nachbarschaftsdienste.com\\\/#website\"},\"primaryImageOfPage\":{\"@id\":\"https:\\\/\\\/nachbarschaftsdienste.com\\\/index.php\\\/betreuung-begleitung-entlastung-seniorenbetreuung\\\/#primaryimage\"},\"image\":{\"@id\":\"https:\\\/\\\/nachbarschaftsdienste.com\\\/index.php\\\/betreuung-begleitung-entlastung-seniorenbetreuung\\\/#primaryimage\"},\"thumbnailUrl\":\"https:\\\/\\\/nachbarschaftsdienste.com\\\/wp-content\\\/uploads\\\/2023\\\/03\\\/seniorenbetreuung-leipzig.jpg\",\"datePublished\":\"2020-05-25T14:54:55+00:00\",\"dateModified\":\"2025-08-17T08:47:47+00:00\",\"description\":\"Egal, ob Sie eine Alltagsbetreuung w\u00fcnschen oder Entlastungsleistungen beantragen m\u00f6chten \u2013 Nachbarschaftsdienste unterst\u00fctzt Sie bei ... %\",\"breadcrumb\":{\"@id\":\"https:\\\/\\\/nachbarschaftsdienste.com\\\/index.php\\\/betreuung-begleitung-entlastung-seniorenbetreuung\\\/#breadcrumb\"},\"inLanguage\":\"de\",\"potentialAction\":[{\"@type\":\"ReadAction\",\"target\":[\"https:\\\/\\\/nachbarschaftsdienste.com\\\/index.php\\\/betreuung-begleitung-entlastung-seniorenbetreuung\\\/\"]}]},{\"@type\":\"ImageObject\",\"inLanguage\":\"de\",\"@id\":\"https:\\\/\\\/nachbarschaftsdienste.com\\\/index.php\\\/betreuung-begleitung-entlastung-seniorenbetreuung\\\/#primaryimage\",\"url\":\"https:\\\/\\\/nachbarschaftsdienste.com\\\/wp-content\\\/uploads\\\/2023\\\/03\\\/seniorenbetreuung-leipzig.jpg\",\"contentUrl\":\"https:\\\/\\\/nachbarschaftsdienste.com\\\/wp-content\\\/uploads\\\/2023\\\/03\\\/seniorenbetreuung-leipzig.jpg\",\"width\":1024,\"height\":768,\"caption\":\"Seniorenbetreuung ohne Zeitdruck und mit jeder Menge Herz \u2013 das garantiert Nachbarschaftsdienste in Leipzig.\"},{\"@type\":\"BreadcrumbList\",\"@id\":\"https:\\\/\\\/nachbarschaftsdienste.com\\\/index.php\\\/betreuung-begleitung-entlastung-seniorenbetreuung\\\/#breadcrumb\",\"itemListElement\":[{\"@type\":\"ListItem\",\"position\":1,\"name\":\"Startseite\",\"item\":\"https:\\\/\\\/nachbarschaftsdienste.com\\\/\"},{\"@type\":\"ListItem\",\"position\":2,\"name\":\"Betreuung \\\/ Begleitung \\\/ Entlastung\"}]},{\"@type\":\"WebSite\",\"@id\":\"https:\\\/\\\/nachbarschaftsdienste.com\\\/#website\",\"url\":\"https:\\\/\\\/nachbarschaftsdienste.com\\\/\",\"name\":\"Nachbarschaftsdienste\",\"description\":\"Alten- &amp; Krankenpflege \u00b7 Pflegeberatung \u00b7 Betreuung &amp; Entlastung\",\"publisher\":{\"@id\":\"https:\\\/\\\/nachbarschaftsdienste.com\\\/#organization\"},\"potentialAction\":[{\"@type\":\"SearchAction\",\"target\":{\"@type\":\"EntryPoint\",\"urlTemplate\":\"https:\\\/\\\/nachbarschaftsdienste.com\\\/?s={search_term_string}\"},\"query-input\":{\"@type\":\"PropertyValueSpecification\",\"valueRequired\":true,\"valueName\":\"search_term_string\"}}],\"inLanguage\":\"de\"},{\"@type\":\"Organization\",\"@id\":\"https:\\\/\\\/nachbarschaftsdienste.com\\\/#organization\",\"name\":\"Nachbarschaftsdienste\",\"url\":\"https:\\\/\\\/nachbarschaftsdienste.com\\\/\",\"logo\":{\"@type\":\"ImageObject\",\"inLanguage\":\"de\",\"@id\":\"https:\\\/\\\/nachbarschaftsdienste.com\\\/#\\\/schema\\\/logo\\\/image\\\/\",\"url\":\"https:\\\/\\\/i1.wp.com\\\/nachbarschaftsdienste.com\\\/wp-content\\\/uploads\\\/2020\\\/05\\\/logo-web-Kopie-2.png?fit=512%2C512&ssl=1\",\"contentUrl\":\"https:\\\/\\\/i1.wp.com\\\/nachbarschaftsdienste.com\\\/wp-content\\\/uploads\\\/2020\\\/05\\\/logo-web-Kopie-2.png?fit=512%2C512&ssl=1\",\"width\":512,\"height\":512,\"caption\":\"Nachbarschaftsdienste\"},\"image\":{\"@id\":\"https:\\\/\\\/nachbarschaftsdienste.com\\\/#\\\/schema\\\/logo\\\/image\\\/\"},\"sameAs\":[\"https:\\\/\\\/www.facebook.com\\\/Nachbarschaftsdienste\",\"https:\\\/\\\/www.instagram.com\\\/nachbarschaftsdienste\",\"https:\\\/\\\/www.linkedin.com\\\/company\\\/37535794\\\/\"]}]}<\/script>\n<!-- \/ Yoast SEO plugin. -->","yoast_head_json":{"title":"Betreuung \/ Begleitung \/ Entlastung \u2013 Ihre Adresse in Leipzig!","description":"Egal, ob Sie eine Alltagsbetreuung w\u00fcnschen oder Entlastungsleistungen beantragen m\u00f6chten \u2013 Nachbarschaftsdienste unterst\u00fctzt Sie bei ... %","robots":{"index":"index","follow":"follow","max-snippet":"max-snippet:-1","max-image-preview":"max-image-preview:large","max-video-preview":"max-video-preview:-1"},"canonical":"https:\/\/nachbarschaftsdienste.com\/index.php\/betreuung-begleitung-entlastung-seniorenbetreuung\/","og_locale":"de_DE","og_type":"article","og_title":"Betreuung \/ Begleitung \/ Entlastung \u2013 Ihre Adresse in Leipzig!","og_description":"Egal, ob Sie eine Alltagsbetreuung w\u00fcnschen oder Entlastungsleistungen beantragen m\u00f6chten \u2013 Nachbarschaftsdienste unterst\u00fctzt Sie bei ... %","og_url":"https:\/\/nachbarschaftsdienste.com\/index.php\/betreuung-begleitung-entlastung-seniorenbetreuung\/","og_site_name":"Nachbarschaftsdienste","article_publisher":"https:\/\/www.facebook.com\/Nachbarschaftsdienste","article_modified_time":"2025-08-17T08:47:47+00:00","og_image":[{"url":"https:\/\/nachbarschaftsdienste.com\/wp-content\/uploads\/2023\/03\/seniorenbetreuung-leipzig.jpg","type":"","width":"","height":""}],"twitter_card":"summary_large_image","twitter_misc":{"Gesch\u00e4tzte Lesezeit":"2\u00a0Minuten"},"schema":{"@context":"https:\/\/schema.org","@graph":[{"@type":"WebPage","@id":"https:\/\/nachbarschaftsdienste.com\/index.php\/betreuung-begleitung-entlastung-seniorenbetreuung\/","url":"https:\/\/nachbarschaftsdienste.com\/index.php\/betreuung-begleitung-entlastung-seniorenbetreuung\/","name":"Betreuung \/ Begleitung \/ Entlastung \u2013 Ihre Adresse in Leipzig!","isPartOf":{"@id":"https:\/\/nachbarschaftsdienste.com\/#website"},"primaryImageOfPage":{"@id":"https:\/\/nachbarschaftsdienste.com\/index.php\/betreuung-begleitung-entlastung-seniorenbetreuung\/#primaryimage"},"image":{"@id":"https:\/\/nachbarschaftsdienste.com\/index.php\/betreuung-begleitung-entlastung-seniorenbetreuung\/#primaryimage"},"thumbnailUrl":"https:\/\/nachbarschaftsdienste.com\/wp-content\/uploads\/2023\/03\/seniorenbetreuung-leipzig.jpg","datePublished":"2020-05-25T14:54:55+00:00","dateModified":"2025-08-17T08:47:47+00:00","description":"Egal, ob Sie eine Alltagsbetreuung w\u00fcnschen oder Entlastungsleistungen beantragen m\u00f6chten \u2013 Nachbarschaftsdienste unterst\u00fctzt Sie bei ... %","breadcrumb":{"@id":"https:\/\/nachbarschaftsdienste.com\/index.php\/betreuung-begleitung-entlastung-seniorenbetreuung\/#breadcrumb"},"inLanguage":"de","potentialAction":[{"@type":"ReadAction","target":["https:\/\/nachbarschaftsdienste.com\/index.php\/betreuung-begleitung-entlastung-seniorenbetreuung\/"]}]},{"@type":"ImageObject","inLanguage":"de","@id":"https:\/\/nachbarschaftsdienste.com\/index.php\/betreuung-begleitung-entlastung-seniorenbetreuung\/#primaryimage","url":"https:\/\/nachbarschaftsdienste.com\/wp-content\/uploads\/2023\/03\/seniorenbetreuung-leipzig.jpg","contentUrl":"https:\/\/nachbarschaftsdienste.com\/wp-content\/uploads\/2023\/03\/seniorenbetreuung-leipzig.jpg","width":1024,"height":768,"caption":"Seniorenbetreuung ohne Zeitdruck und mit jeder Menge Herz \u2013 das garantiert Nachbarschaftsdienste in Leipzig."},{"@type":"BreadcrumbList","@id":"https:\/\/nachbarschaftsdienste.com\/index.php\/betreuung-begleitung-entlastung-seniorenbetreuung\/#breadcrumb","itemListElement":[{"@type":"ListItem","position":1,"name":"Startseite","item":"https:\/\/nachbarschaftsdienste.com\/"},{"@type":"ListItem","position":2,"name":"Betreuung \/ Begleitung \/ Entlastung"}]},{"@type":"WebSite","@id":"https:\/\/nachbarschaftsdienste.com\/#website","url":"https:\/\/nachbarschaftsdienste.com\/","name":"Nachbarschaftsdienste","description":"Alten- &amp; Krankenpflege \u00b7 Pflegeberatung \u00b7 Betreuung &amp; Entlastung","publisher":{"@id":"https:\/\/nachbarschaftsdienste.com\/#organization"},"potentialAction":[{"@type":"SearchAction","target":{"@type":"EntryPoint","urlTemplate":"https:\/\/nachbarschaftsdienste.com\/?s={search_term_string}"},"query-input":{"@type":"PropertyValueSpecification","valueRequired":true,"valueName":"search_term_string"}}],"inLanguage":"de"},{"@type":"Organization","@id":"https:\/\/nachbarschaftsdienste.com\/#organization","name":"Nachbarschaftsdienste","url":"https:\/\/nachbarschaftsdienste.com\/","logo":{"@type":"ImageObject","inLanguage":"de","@id":"https:\/\/nachbarschaftsdienste.com\/#\/schema\/logo\/image\/","url":"https:\/\/i1.wp.com\/nachbarschaftsdienste.com\/wp-content\/uploads\/2020\/05\/logo-web-Kopie-2.png?fit=512%2C512&ssl=1","contentUrl":"https:\/\/i1.wp.com\/nachbarschaftsdienste.com\/wp-content\/uploads\/2020\/05\/logo-web-Kopie-2.png?fit=512%2C512&ssl=1","width":512,"height":512,"caption":"Nachbarschaftsdienste"},"image":{"@id":"https:\/\/nachbarschaftsdienste.com\/#\/schema\/logo\/image\/"},"sameAs":["https:\/\/www.facebook.com\/Nachbarschaftsdienste","https:\/\/www.instagram.com\/nachbarschaftsdienste","https:\/\/www.linkedin.com\/company\/37535794\/"]}]}},"_links":{"self":[{"href":"https:\/\/nachbarschaftsdienste.com\/index.php\/wp-json\/wp\/v2\/pages\/192","targetHints":{"allow":["GET"]}}],"collection":[{"href":"https:\/\/nachbarschaftsdienste.com\/index.php\/wp-json\/wp\/v2\/pages"}],"about":[{"href":"https:\/\/nachbarschaftsdienste.com\/index.php\/wp-json\/wp\/v2\/types\/page"}],"author":[{"embeddable":true,"href":"https:\/\/nachbarschaftsdienste.com\/index.php\/wp-json\/wp\/v2\/users\/1"}],"replies":[{"embeddable":true,"href":"https:\/\/nachbarschaftsdienste.com\/index.php\/wp-json\/wp\/v2\/comments?post=192"}],"version-history":[{"count":71,"href":"https:\/\/nachbarschaftsdienste.com\/index.php\/wp-json\/wp\/v2\/pages\/192\/revisions"}],"predecessor-version":[{"id":1810,"href":"https:\/\/nachbarschaftsdienste.com\/index.php\/wp-json\/wp\/v2\/pages\/192\/revisions\/1810"}],"wp:attachment":[{"href":"https:\/\/nachbarschaftsdienste.com\/index.php\/wp-json\/wp\/v2\/media?parent=192"}],"curies":[{"name":"wp","href":"https:\/\/api.w.org\/{rel}","templated":true}]}}